{"id":21,"date":"2024-01-12T20:29:35","date_gmt":"2024-01-12T20:29:35","guid":{"rendered":"https:\/\/impactodeportivousa.com\/?page_id=21"},"modified":"2024-01-16T00:20:55","modified_gmt":"2024-01-16T00:20:55","slug":"quien-es-jesus","status":"publish","type":"page","link":"https:\/\/impactodeportivousa.com\/?page_id=21","title":{"rendered":"Qui\u00e9n es Jes\u00fas"},"content":{"rendered":"<p>[et_pb_section fb_built=&#8221;1&#8243; _builder_version=&#8221;4.23.4&#8243; _module_preset=&#8221;default&#8221; background_color=&#8221;#e8e8e8&#8243; global_colors_info=&#8221;{}&#8221;][et_pb_row column_structure=&#8221;1_2,1_2&#8243; _builder_version=&#8221;4.23.4&#8243; _module_preset=&#8221;default&#8221; global_colors_info=&#8221;{}&#8221;][et_pb_column type=&#8221;1_2&#8243; _builder_version=&#8221;4.23.4&#8243; _module_preset=&#8221;default&#8221; global_colors_info=&#8221;{}&#8221;][et_pb_text _builder_version=&#8221;4.23.4&#8243; _module_preset=&#8221;default&#8221; global_colors_info=&#8221;{}&#8221;]<strong>Jes\u00fas Padilla<\/strong>\u00a0es originario de Le\u00f3n, Gto. y comenz\u00f3 su carrera en el periodismo deportivo en 1978.<\/p>\n<p>Desde hace d\u00e9cadas reside en Dallas, Texas y cuenta con un extenso conocimiento del mercado latino en espa\u00f1ol de los Estados Unidos.<\/p>\n<h3 class=\"elementor-heading-title elementor-size-default\"><\/h3>\n<h3 class=\"elementor-heading-title elementor-size-default\">Ha trabajado para importantes medios como:<\/h3>\n<p><\/i><strong>Univision KUVN Canal 23 Dallas &#8211; Presentador<\/strong><\/p>\n<p><strong><span>La Fabulosa KESS 1270 am &#8211; Director<\/span><\/strong><\/p>\n<p><strong><span>ESPN Deportes Radio Dallas &#8211; Conductor<\/span><\/strong><\/p>\n<p>&nbsp;[\/et_pb_text][\/et_pb_column][et_pb_column type=&#8221;1_2&#8243; _builder_version=&#8221;4.23.4&#8243; _module_preset=&#8221;default&#8221; global_colors_info=&#8221;{}&#8221;][et_pb_image src=&#8221;https:\/\/impactodeportivousa.com\/wp-content\/uploads\/2024\/01\/Facetune_06-10-2023-15-14-33-scaled.jpeg&#8221; title_text=&#8221;Facetune_06-10-2023-15-14-33&#8243; _builder_version=&#8221;4.23.4&#8243; _module_preset=&#8221;default&#8221; hover_enabled=&#8221;0&#8243; global_colors_info=&#8221;{}&#8221; sticky_enabled=&#8221;0&#8243; width=&#8221;66%&#8221;][\/et_pb_image][\/et_pb_column][\/et_pb_row][\/et_pb_section][et_pb_section fb_built=&#8221;1&#8243; _builder_version=&#8221;4.23.4&#8243; _module_preset=&#8221;default&#8221; background_color=&#8221;rgba(165,225,226,0.61)&#8221; global_colors_info=&#8221;{}&#8221;][et_pb_row column_structure=&#8221;1_2,1_2&#8243; _builder_version=&#8221;4.23.4&#8243; _module_preset=&#8221;default&#8221; global_colors_info=&#8221;{}&#8221;][et_pb_column type=&#8221;1_2&#8243; _builder_version=&#8221;4.23.4&#8243; _module_preset=&#8221;default&#8221; global_colors_info=&#8221;{}&#8221;][et_pb_video src=&#8221;https:\/\/impactodeportivousa.com\/wp-content\/uploads\/2024\/01\/Jesus-Padilla-Furia-Deportiva.mp4&#8243; _builder_version=&#8221;4.23.4&#8243; _module_preset=&#8221;default&#8221; global_colors_info=&#8221;{}&#8221;][\/et_pb_video][\/et_pb_column][et_pb_column type=&#8221;1_2&#8243; _builder_version=&#8221;4.23.4&#8243; _module_preset=&#8221;default&#8221; global_colors_info=&#8221;{}&#8221;][et_pb_text _builder_version=&#8221;4.23.4&#8243; _module_preset=&#8221;default&#8221; global_colors_info=&#8221;{}&#8221;]<\/p>\n<div class=\"elementor-element elementor-element-9a812a0 elementor-widget elementor-widget-heading\" data-id=\"9a812a0\" data-element_type=\"widget\" data-widget_type=\"heading.default\">\n<div class=\"elementor-widget-container\">\n<h2 class=\"elementor-heading-title elementor-size-default\">En la actualidad<\/h2>\n<\/div>\n<\/div>\n<div class=\"elementor-element elementor-element-01d48e3 elementor-widget elementor-widget-text-editor\" data-id=\"01d48e3\" data-element_type=\"widget\" data-widget_type=\"text-editor.default\">\n<div class=\"elementor-widget-container\">\n<p>Empresario y periodista independiente, con una importante presencia en redes sociales. Reconocido por medios, federaciones y organizadores de eventos deportivos, principalmente en el estado de Texas.<\/p>\n<p>Esc\u00fachalo de<span>\u00a0<\/span><b>lunes<span>\u00a0<\/span><\/b>a<span>\u00a0<\/span><b>s\u00e1bado<span>\u00a0<\/span><\/b>de<span>\u00a0<\/span><b>8am<span>\u00a0<\/span><\/b>a<span>\u00a0<\/span><b>10pm<span>\u00a0<\/span><\/b>por<span>\u00a0<\/span><b>TUDN Radio<\/b><span>\u00a0<\/span>\u2013 93.3 FM Houston.<\/p>\n<\/div>\n<\/div>\n<p>[\/et_pb_text][\/et_pb_column][\/et_pb_row][\/et_pb_section][et_pb_section fb_built=&#8221;1&#8243; _builder_version=&#8221;4.23.4&#8243; _module_preset=&#8221;default&#8221; background_color=&#8221;#ededed&#8221; global_colors_info=&#8221;{}&#8221;][et_pb_row column_structure=&#8221;1_2,1_2&#8243; _builder_version=&#8221;4.23.4&#8243; _module_preset=&#8221;default&#8221; global_colors_info=&#8221;{}&#8221;][et_pb_column type=&#8221;1_2&#8243; _builder_version=&#8221;4.23.4&#8243; _module_preset=&#8221;default&#8221; global_colors_info=&#8221;{}&#8221;][et_pb_text _builder_version=&#8221;4.23.4&#8243; _module_preset=&#8221;default&#8221; global_colors_info=&#8221;{}&#8221;]<\/p>\n<h1 class=\"elementor-heading-title elementor-size-default\"><strong>Coberturas destacadas<\/strong><\/h1>\n<p>[\/et_pb_text][et_pb_text _builder_version=&#8221;4.23.4&#8243; _module_preset=&#8221;default&#8221; custom_padding=&#8221;||0px|||&#8221; global_colors_info=&#8221;{}&#8221;]<\/p>\n<h4><img decoding=\"async\" src=\"https:\/\/impactodeportivousa.com\/wp-content\/uploads\/2024\/01\/fotball-300x300.png\" width=\"23\" height=\"23\" alt=\"\" class=\"wp-image-65 alignnone size-medium\" \/> \u00a0<strong>3 Super Tazones<\/strong><\/h4>\n<h3><\/h3>\n<h4><strong><img decoding=\"async\" src=\"https:\/\/impactodeportivousa.com\/wp-content\/uploads\/2024\/01\/soccer-300x300.png\" width=\"23\" height=\"23\" alt=\"\" class=\"wp-image-66 alignnone size-medium\" \/>\u00a0 Copa del Mundo USA 1994<\/strong><\/h4>\n<h3><\/h3>\n<h4><strong><img decoding=\"async\" src=\"https:\/\/impactodeportivousa.com\/wp-content\/uploads\/2024\/01\/man-running-300x300.png\" width=\"26\" height=\"26\" alt=\"\" class=\"wp-image-70 alignnone size-medium\" \/>\u00a0 Juegos Ol\u00edmpicos Atlanta 1996<\/strong><\/h4>\n<h3><strong><\/strong><\/h3>\n<h4><strong><img loading=\"lazy\" loading=\"lazy\" decoding=\"async\" src=\"https:\/\/impactodeportivousa.com\/wp-content\/uploads\/2024\/01\/ball-300x300.png\" width=\"21\" height=\"21\" alt=\"\" class=\"wp-image-71 alignnone size-medium\" \/>\u00a0 Juegos de Estrellas NBA, MLB, MLS<\/strong><\/h4>\n<h4><\/h4>\n<h4><strong><img loading=\"lazy\" loading=\"lazy\" decoding=\"async\" src=\"https:\/\/impactodeportivousa.com\/wp-content\/uploads\/2024\/01\/gloves-300x291.webp\" width=\"21\" height=\"20\" alt=\"\" class=\"wp-image-72 alignnone size-medium\" \/>\u00a0 Campeonato Mundial &#8211; JC Ch\u00e1vez<\/strong><\/h4>\n<h4><\/h4>\n<h4><strong><img loading=\"lazy\" loading=\"lazy\" decoding=\"async\" src=\"https:\/\/impactodeportivousa.com\/wp-content\/uploads\/2024\/01\/gloves-300x291.webp\" width=\"21\" height=\"20\" alt=\"\" class=\"wp-image-72 alignnone size-medium\" \/> \u00a0<\/strong><strong>Campeonatos Mundiales -Canelo \u00c1lvarez<\/strong><\/h4>\n<h4><\/h4>\n<h4><strong><img decoding=\"async\" src=\"https:\/\/impactodeportivousa.com\/wp-content\/uploads\/2024\/01\/soccer-300x300.png\" width=\"23\" height=\"23\" alt=\"\" class=\"wp-image-66 alignnone size-medium\" \/> \u00a0<\/strong><strong>Copa Oro de Concacaf &#8211; Desde <\/strong><\/h4>\n<h4><\/h4>\n<h4><strong><img loading=\"lazy\" loading=\"lazy\" decoding=\"async\" src=\"https:\/\/impactodeportivousa.com\/wp-content\/uploads\/2024\/01\/89993-200.png\" width=\"34\" height=\"34\" alt=\"\" class=\"wp-image-75 alignnone size-full\" srcset=\"https:\/\/impactodeportivousa.com\/wp-content\/uploads\/2024\/01\/89993-200.png 200w, https:\/\/impactodeportivousa.com\/wp-content\/uploads\/2024\/01\/89993-200-150x150.png 150w\" sizes=\"(max-width: 34px) 100vw, 34px\" \/>\u00a01993Formula 1 US Grand Prix<\/strong><\/h4>\n<p>[\/et_pb_text][\/et_pb_column][et_pb_column type=&#8221;1_2&#8243; _builder_version=&#8221;4.23.4&#8243; _module_preset=&#8221;default&#8221; global_colors_info=&#8221;{}&#8221;][et_pb_slider _builder_version=&#8221;4.23.4&#8243; _module_preset=&#8221;default&#8221; background_color=&#8221;#ededed&#8221; use_background_color_gradient=&#8221;on&#8221; global_colors_info=&#8221;{}&#8221;][et_pb_slide heading=&#8221;Gerardo Martino&#8221; image=&#8221;https:\/\/impactodeportivousa.com\/wp-content\/uploads\/2024\/01\/1-1.jpeg&#8221; _builder_version=&#8221;4.23.4&#8243; _module_preset=&#8221;default&#8221; background_color=&#8221;#ededed&#8221; background_enable_color=&#8221;on&#8221; global_colors_info=&#8221;{}&#8221; sticky_transition=&#8221;on&#8221;][\/et_pb_slide][et_pb_slide heading=&#8221;Ronaldinho&#8221; image=&#8221;https:\/\/impactodeportivousa.com\/wp-content\/uploads\/2024\/01\/1-6.jpeg&#8221; _builder_version=&#8221;4.23.4&#8243; _module_preset=&#8221;default&#8221; background_color=&#8221;#ededed&#8221; background_enable_color=&#8221;on&#8221; global_colors_info=&#8221;{}&#8221; sticky_transition=&#8221;on&#8221;][\/et_pb_slide][et_pb_slide heading=&#8221;Univision 23&#8243; image=&#8221;https:\/\/impactodeportivousa.com\/wp-content\/uploads\/2024\/01\/1-2.jpeg&#8221; _builder_version=&#8221;4.23.4&#8243; _module_preset=&#8221;default&#8221; background_color=&#8221;#ededed&#8221; background_enable_color=&#8221;on&#8221; global_colors_info=&#8221;{}&#8221; sticky_transition=&#8221;on&#8221;][\/et_pb_slide][et_pb_slide heading=&#8221;Pel\u00e9&#8221; image=&#8221;https:\/\/impactodeportivousa.com\/wp-content\/uploads\/2024\/01\/1-5-1.jpeg&#8221; _builder_version=&#8221;4.23.4&#8243; _module_preset=&#8221;default&#8221; background_color=&#8221;#ededed&#8221; background_enable_color=&#8221;on&#8221; global_colors_info=&#8221;{}&#8221; sticky_transition=&#8221;on&#8221;][\/et_pb_slide][et_pb_slide heading=&#8221;Andr\u00e9s Cantor&#8221; image=&#8221;https:\/\/impactodeportivousa.com\/wp-content\/uploads\/2024\/01\/1-3.jpeg&#8221; _builder_version=&#8221;4.23.4&#8243; _module_preset=&#8221;default&#8221; background_color=&#8221;#ededed&#8221; background_enable_color=&#8221;on&#8221; global_colors_info=&#8221;{}&#8221; sticky_transition=&#8221;on&#8221;][\/et_pb_slide][et_pb_slide heading=&#8221;Sergio Checo P\u00e9rez&#8221; image=&#8221;https:\/\/impactodeportivousa.com\/wp-content\/uploads\/2024\/01\/1-4.jpeg&#8221; _builder_version=&#8221;4.23.4&#8243; _module_preset=&#8221;default&#8221; background_color=&#8221;#ededed&#8221; background_enable_color=&#8221;on&#8221; global_colors_info=&#8221;{}&#8221; sticky_transition=&#8221;on&#8221;][\/et_pb_slide][\/et_pb_slider][\/et_pb_column][\/et_pb_row][\/et_pb_section]<\/p>\n","protected":false},"excerpt":{"rendered":"<p>Jes\u00fas Padilla\u00a0es originario de Le\u00f3n, Gto. y comenz\u00f3 su carrera en el periodismo deportivo en 1978. Desde hace d\u00e9cadas reside en Dallas, Texas y cuenta con un extenso conocimiento del mercado latino en espa\u00f1ol de los Estados Unidos. Ha trabajado para importantes medios como: Univision KUVN Canal 23 Dallas &#8211; Presentador La Fabulosa KESS 1270 [&hellip;]<\/p>\n","protected":false},"author":1,"featured_media":0,"parent":0,"menu_order":0,"comment_status":"closed","ping_status":"closed","template":"","meta":{"_et_pb_use_builder":"on","_et_pb_old_content":"","_et_gb_content_width":"","footnotes":""},"class_list":["post-21","page","type-page","status-publish","hentry"],"_links":{"self":[{"href":"https:\/\/impactodeportivousa.com\/index.php?rest_route=\/wp\/v2\/pages\/21","targetHints":{"allow":["GET"]}}],"collection":[{"href":"https:\/\/impactodeportivousa.com\/index.php?rest_route=\/wp\/v2\/pages"}],"about":[{"href":"https:\/\/impactodeportivousa.com\/index.php?rest_route=\/wp\/v2\/types\/page"}],"author":[{"embeddable":true,"href":"https:\/\/impactodeportivousa.com\/index.php?rest_route=\/wp\/v2\/users\/1"}],"replies":[{"embeddable":true,"href":"https:\/\/impactodeportivousa.com\/index.php?rest_route=%2Fwp%2Fv2%2Fcomments&post=21"}],"version-history":[{"count":8,"href":"https:\/\/impactodeportivousa.com\/index.php?rest_route=\/wp\/v2\/pages\/21\/revisions"}],"predecessor-version":[{"id":136,"href":"https:\/\/impactodeportivousa.com\/index.php?rest_route=\/wp\/v2\/pages\/21\/revisions\/136"}],"wp:attachment":[{"href":"https:\/\/impactodeportivousa.com\/index.php?rest_route=%2Fwp%2Fv2%2Fmedia&parent=21"}],"curies":[{"name":"wp","href":"https:\/\/api.w.org\/{rel}","templated":true}]}}